{"id":915,"date":"2022-10-16T21:46:23","date_gmt":"2022-10-16T21:46:23","guid":{"rendered":"https:\/\/www.famyayinlari.com\/kitap\/?post_type=product&#038;p=915"},"modified":"2024-11-27T23:20:26","modified_gmt":"2024-11-27T23:20:26","slug":"dersimin-gizemli-tarihi-1","status":"publish","type":"product","link":"https:\/\/www.famyayinlari.com\/kitap\/urun\/dersimin-gizemli-tarihi-1\/","title":{"rendered":"Dersim\u2019in Gizemli Tarihi-1"},"content":{"rendered":"<p>G\u00fcn\u00fcm\u00fczden bin y\u0131l \u00f6nce haz\u0131rlanan ve Ocak mensuplar\u0131 taraf\u0131ndan \u00f6zenle saklanarak g\u00fcn\u00fcm\u00fcze kadar getirilen<em>\u00a0Pilvankan a\u015fireti\u00a0<\/em>ve bu a\u015firetin bile\u015fkesi\u00a0<em>olan \u015e\u0131x Delil-i Berx\u00e9can Oca\u011f\u0131\u2019n\u0131n<\/em>\u00a0\u015feceresi dikkate al\u0131narak, yaz\u0131l\u0131 ve s\u00f6zl\u00fc kaynaklar\u0131n \u00f6zenle ara\u015ft\u0131r\u0131lmas\u0131 ile haz\u0131rlanan bu kitap, Dersim tarihinin \u00f6nemli bir kesitini a\u00e7\u0131\u011fa kavu\u015fturmu\u015ftur.<\/p>\n<p>\u0130lk olarak\u00a0<em>\u015e\u0131x Delil-i Berx\u00e9can\/ \u015e<\/em>\u0131x Dilo Belincan\u2019\u0131n ismi, \u00fcnvan\u0131, kendisine izafe edilen mitle\u015fmi\u015f kerametleri, ya\u015fad\u0131\u011f\u0131 d\u00f6nem, mensubu oldu\u011fu a\u015firet, ald\u0131\u011f\u0131 e\u011fitim, tarikat, yol ve soy silsilesi; ard\u0131llar\u0131na b\u0131rakt\u0131\u011f\u0131 \u015feceresi, kendisine ba\u011flanan K\u00fcrt a\u015firetleri, faaliyet alanlar\u0131, kendisinden sonra ad\u0131na d\u00fczenlenen \u015fecereleri, halifeleri, tarihteki ayak izleri, k\u00f6y\u00fc ve ebedi istirahatgah\u0131 hakk\u0131nda \u00f6nemli bilgiler verilmi\u015ftir.<\/p>\n<p>\u0130kinci olarak K\u00fcrtlerin sosyal ve siyasal tarihinde k\u00f6kl\u00fc bir ge\u00e7mi\u015fi olan a\u015firetler hakk\u0131nda baz\u0131 temel veriler g\u00fcn \u0131\u015f\u0131\u011f\u0131na \u00e7\u0131kar\u0131lmaya \u00e7al\u0131\u015f\u0131lm\u0131\u015ft\u0131r. S\u00f6z konusu bu K\u00fcrt a\u015firetleri, miladi 1010 y\u0131l\u0131nda yaz\u0131lan\u00a0<em>\u015e\u0131x Delil-i Berx\u00e9can\/\u00a0<\/em>\u015e\u0131x Dilo Belincan\u2019\u0131n \u015feceresinde adlar\u0131 ge\u00e7en K\u00fcrt a\u015firetleridir. Bu a\u015firetlerin tarihteki izleri s\u00fcr\u00fclm\u00fc\u015f ve g\u00fcn\u00fcm\u00fcze kadar gelen ger\u00e7eklikleri hakk\u0131nda k\u0131sa bilgiler verilmi\u015ftir.<\/p>\n<p>Dersim\u2019in Gizemli Tarihi-1 isimli bu \u00e7al\u0131\u015fma, baz\u0131 ezberlerin bozulmas\u0131na, bilgi eksikli\u011finin giderilmesine ve baz\u0131 bilgi kirliliklerin g\u00f6r\u00fclmesine \u00f6nemli katk\u0131lar sunmaktad\u0131r<\/p>\n<p><strong>Erdo\u011fan Yalg\u0131n<\/strong><\/p>\n<p><strong>Dersim\u2019in Gizemli Tarihi-1\/<\/strong><\/p>\n","protected":false},"excerpt":{"rendered":"<p>G\u00fcn\u00fcm\u00fczden bin y\u0131l \u00f6nce haz\u0131rlanan ve Ocak mensuplar\u0131 taraf\u0131ndan \u00f6zenle saklanarak g\u00fcn\u00fcm\u00fcze kadar getirilen<em>\u00a0Pilvankan a\u015fireti\u00a0<\/em>ve bu a\u015firetin bile\u015fkesi\u00a0<em>olan \u015e\u0131x Delil-i Berx\u00e9can Oca\u011f\u0131\u2019n\u0131n<\/em>\u00a0\u015feceresi dikkate al\u0131narak, yaz\u0131l\u0131 ve s\u00f6zl\u00fc kaynaklar\u0131n \u00f6zenle ara\u015ft\u0131r\u0131lmas\u0131 ile haz\u0131rlanan bu kitap, Dersim tarihinin \u00f6nemli bir kesitini a\u00e7\u0131\u011fa kavu\u015fturmu\u015ftur.<\/p>\n","protected":false},"featured_media":916,"comment_status":"open","ping_status":"closed","template":"","meta":[],"product_brand":[],"product_cat":[87],"product_tag":[78,77,79],"class_list":{"0":"post-915","1":"product","2":"type-product","3":"status-publish","4":"has-post-thumbnail","6":"product_cat-tarih","7":"product_tag-alevilik-kitaplari","8":"product_tag-dersimin-gizemli-tarihi","9":"product_tag-fam-yayinlari","11":"first","12":"instock","13":"sale","14":"shipping-taxable","15":"purchasable","16":"product-type-simple"},"_links":{"self":[{"href":"https:\/\/www.famyayinlari.com\/kitap\/wp-json\/wp\/v2\/product\/915","targetHints":{"allow":["GET"]}}],"collection":[{"href":"https:\/\/www.famyayinlari.com\/kitap\/wp-json\/wp\/v2\/product"}],"about":[{"href":"https:\/\/www.famyayinlari.com\/kitap\/wp-json\/wp\/v2\/types\/product"}],"replies":[{"embeddable":true,"href":"https:\/\/www.famyayinlari.com\/kitap\/wp-json\/wp\/v2\/comments?post=915"}],"wp:featuredmedia":[{"embeddable":true,"href":"https:\/\/www.famyayinlari.com\/kitap\/wp-json\/wp\/v2\/media\/916"}],"wp:attachment":[{"href":"https:\/\/www.famyayinlari.com\/kitap\/wp-json\/wp\/v2\/media?parent=915"}],"wp:term":[{"taxonomy":"product_brand","embeddable":true,"href":"https:\/\/www.famyayinlari.com\/kitap\/wp-json\/wp\/v2\/product_brand?post=915"},{"taxonomy":"product_cat","embeddable":true,"href":"https:\/\/www.famyayinlari.com\/kitap\/wp-json\/wp\/v2\/product_cat?post=915"},{"taxonomy":"product_tag","embeddable":true,"href":"https:\/\/www.famyayinlari.com\/kitap\/wp-json\/wp\/v2\/product_tag?post=915"}],"curies":[{"name":"wp","href":"https:\/\/api.w.org\/{rel}","templated":true}]}}