{"id":909,"date":"2022-10-16T21:38:26","date_gmt":"2022-10-16T21:38:26","guid":{"rendered":"https:\/\/www.famyayinlari.com\/kitap\/?post_type=product&#038;p=909"},"modified":"2023-04-06T21:08:42","modified_gmt":"2023-04-06T21:08:42","slug":"alevi-yolu-erkani-inanci-tarihi","status":"publish","type":"product","link":"https:\/\/www.famyayinlari.com\/kitap\/urun\/alevi-yolu-erkani-inanci-tarihi\/","title":{"rendered":"Alevi Yolu, Erk\u00e2n\u0131, \u0130nanc\u0131, Tarihi"},"content":{"rendered":"<p>Mahmut Y\u0131ld\u0131z (Nejdi Bava) ile Alevi yolu, Erk\u00e2n\u0131, \u0130nanc\u0131, Tarihi ve Dersim \u00fczerine yap\u0131lan s\u00f6yle\u015fiden olu\u015fan bu eser Alevilik a\u00e7\u0131s\u0131ndan son y\u0131llarda yay\u0131nlanm\u0131\u015f olduk\u00e7a \u00f6nemli bir eserdir.<\/p>\n<p>Seyit Mahmut Y\u0131ld\u0131z ile yap\u0131lan s\u00f6yle\u015filerin bir kitap haline getirilmesiyle zay\u0131flamas\u0131na, de\u011fi\u015fmesine ra\u011fmen esas olarak Dersim b\u00f6lgesinde hala s\u00fcrd\u00fcr\u00fclen inan\u00e7 yolunun mana d\u00fcnyas\u0131n\u0131 etrafl\u0131ca okuma \u015fans\u0131 olu\u015fmu\u015f oldu. \u0130nan\u00e7 yolunun sembolleri, inan\u00e7 takvimi, inan\u00e7 kavramlar\u0131 \u00fczerine derli toplu bir okuma imk\u00e2n\u0131 olu\u015fmu\u015f oldu.<\/p>\n<p>Y\u00fcz y\u0131ll\u0131k bir ya\u015fama sahip olan Seyit Mahmut Y\u0131ld\u0131z\u2019 k\u00e2mil bir tav\u0131rla konuyu ele al\u0131yor, bilgiyi \u00f6zenle aktar\u0131yor.<\/p>\n<p>\u201cEvrende hi\u00e7bir \u015fey kaybolmaz\u201d s\u00f6z\u00fcn\u00fc s\u00fcrekli hat\u0131rlatan Seyit Mahmut Y\u0131ld\u0131z\u2019\u0131n bu eser ile yaz\u0131ya aktar\u0131lm\u0131\u015f s\u00f6zleri, inan\u00e7 yoluna rehberlik etmeye devam edecektir.<\/p>\n","protected":false},"excerpt":{"rendered":"<p>\u201cEvrende hi\u00e7bir \u015fey kaybolmaz\u201d s\u00f6z\u00fcn\u00fc s\u00fcrekli hat\u0131rlatan Seyit Mahmut Y\u0131ld\u0131z\u2019\u0131n bu eser ile yaz\u0131ya aktar\u0131lm\u0131\u015f s\u00f6zleri, inan\u00e7 yoluna rehberlik etmeye devam edecektir.<\/p>\n","protected":false},"featured_media":910,"comment_status":"open","ping_status":"closed","template":"","meta":[],"product_brand":[],"product_cat":[73],"product_tag":[75,74],"class_list":{"0":"post-909","1":"product","2":"type-product","3":"status-publish","4":"has-post-thumbnail","6":"product_cat-alevilik","7":"product_tag-alevi-erkani","8":"product_tag-alevi-yolu","10":"first","11":"instock","12":"shipping-taxable","13":"purchasable","14":"product-type-simple"},"_links":{"self":[{"href":"https:\/\/www.famyayinlari.com\/kitap\/wp-json\/wp\/v2\/product\/909","targetHints":{"allow":["GET"]}}],"collection":[{"href":"https:\/\/www.famyayinlari.com\/kitap\/wp-json\/wp\/v2\/product"}],"about":[{"href":"https:\/\/www.famyayinlari.com\/kitap\/wp-json\/wp\/v2\/types\/product"}],"replies":[{"embeddable":true,"href":"https:\/\/www.famyayinlari.com\/kitap\/wp-json\/wp\/v2\/comments?post=909"}],"wp:featuredmedia":[{"embeddable":true,"href":"https:\/\/www.famyayinlari.com\/kitap\/wp-json\/wp\/v2\/media\/910"}],"wp:attachment":[{"href":"https:\/\/www.famyayinlari.com\/kitap\/wp-json\/wp\/v2\/media?parent=909"}],"wp:term":[{"taxonomy":"product_brand","embeddable":true,"href":"https:\/\/www.famyayinlari.com\/kitap\/wp-json\/wp\/v2\/product_brand?post=909"},{"taxonomy":"product_cat","embeddable":true,"href":"https:\/\/www.famyayinlari.com\/kitap\/wp-json\/wp\/v2\/product_cat?post=909"},{"taxonomy":"product_tag","embeddable":true,"href":"https:\/\/www.famyayinlari.com\/kitap\/wp-json\/wp\/v2\/product_tag?post=909"}],"curies":[{"name":"wp","href":"https:\/\/api.w.org\/{rel}","templated":true}]}}