{"id":1185,"date":"2026-05-06T21:11:07","date_gmt":"2026-05-06T21:11:07","guid":{"rendered":"https:\/\/www.famyayinlari.com\/kitap\/?post_type=product&#038;p=1185"},"modified":"2026-05-06T21:11:07","modified_gmt":"2026-05-06T21:11:07","slug":"tarladan-sofraya-ekmek-uretimi","status":"publish","type":"product","link":"https:\/\/www.famyayinlari.com\/kitap\/urun\/tarladan-sofraya-ekmek-uretimi\/","title":{"rendered":"Tarladan Sofraya EKMEK \u00dcRET\u0130M\u0130"},"content":{"rendered":"<div>&#8221;\u0130yi bir hamur ustas\u0131 ayn\u0131 zamanda iyi bir biyolog ve g\u0131da uzman\u0131 olmak zorundad\u0131r&#8221; demi\u015fti bir \u00f6\u011fretmenim. Bu kitab\u0131 okumaya ba\u015flad\u0131\u011f\u0131n\u0131zda Ekmek \u00fcretiminin \u00e7ok basit bir i\u015f olmad\u0131\u011f\u0131n\u0131 fark edeceksiniz. \u00dclkemizin ekonomik ve k\u00fclt\u00fcrel\u00a0geli\u015fmi\u015fli\u011fine paralel olarak artan ekmek \u00e7e\u015fitlili\u011fi, ekmek \u00fcretiminin bilimsel\u00a0 ve \u00e7ok y\u00f6nl\u00fc incelenmesi gere\u011fini ortaya \u00e7\u0131karm\u0131\u015ft\u0131r. D\u00fcnyada en fazla ekmek \u00fcretimi ve t\u00fcketiminin oldu\u011fu \u00fclkelerden biri olmam\u0131za ra\u011fmen bu konudaki bilimsel ara\u015ft\u0131rma ve yay\u0131nlar yok denecek kadar azd\u0131r. Tek ba\u015f\u0131na\u00a0tah\u0131l, un veya katk\u0131lar\u0131n gere\u011fi kadar incelenmi\u015f olmas\u0131 ve yay\u0131nlanmas\u0131 da bence ekmek \u00fcretimini bir b\u00fct\u00fcn olarak anlatmaya ve anlamaya yeterli de\u011fildir.<\/div>\n<div><\/div>\n<div>Ekmek \u00fcretimini bir b\u00fct\u00fcn olarak g\u00f6rmek ve incelemek zorunlulu\u011fu vard\u0131r. Elinizdeki bu kitap bu eksikli\u011fi ortadan kald\u0131rmak i\u00e7in de\u011fil, bir eksikli\u011fe dikkat \u00e7ekmek i\u00e7in yaz\u0131ld\u0131. Kitab\u0131n yaz\u0131lmas\u0131na kaynak te\u015fkil eden bilimsel ara\u015ft\u0131rmalar\u0131n t\u00fcm\u00fc orta avrupa (Almanya, Avusturya, \u0130svi\u00e7re) \u00fclkelerine aittir. Umudum ve beklentim bu \u00e7e\u015fit eserlerin yaz\u0131lmas\u0131na kendi ara\u015ft\u0131rmalar\u0131m\u0131z\u0131n kaynakl\u0131k etmesidir.<\/div>\n<div><\/div>\n<div>\n<div class=\"gmail_signature\" dir=\"ltr\" data-smartmail=\"gmail_signature\">\n<div dir=\"ltr\">\n<div><em><strong>with kind regards<\/strong><\/em><\/div>\n<div><em><strong>Nam\u0131k Yasa<\/strong><\/em><\/div>\n<\/div>\n<\/div>\n<\/div>\n","protected":false},"excerpt":{"rendered":"<div>Ekmek \u00fcretimini bir b\u00fct\u00fcn olarak g\u00f6rmek ve incelemek zorunlulu\u011fu vard\u0131r. Elinizdeki bu kitap bu eksikli\u011fi ortadan kald\u0131rmak i\u00e7in de\u011fil, bir eksikli\u011fe dikkat \u00e7ekmek i\u00e7in yaz\u0131ld\u0131. Kitab\u0131n yaz\u0131lmas\u0131na kaynak te\u015fkil eden bilimsel ara\u015ft\u0131rmalar\u0131n t\u00fcm\u00fc orta avrupa (Almanya, Avusturya, \u0130svi\u00e7re) \u00fclkelerine aittir. Umudum ve beklentim bu \u00e7e\u015fit eserlerin yaz\u0131lmas\u0131na kendi ara\u015ft\u0131rmalar\u0131m\u0131z\u0131n kaynakl\u0131k etmesidir.<\/div>\n<div><\/div>\n<div>\n<div class=\"gmail_signature\" dir=\"ltr\" data-smartmail=\"gmail_signature\">\n<div dir=\"ltr\">\n<div><em><strong>with kind regards<\/strong><\/em><\/div>\n<div><em><strong>Nam\u0131k Yasa<\/strong><\/em><\/div>\n<\/div>\n<\/div>\n<\/div>\n","protected":false},"featured_media":1186,"comment_status":"open","ping_status":"closed","template":"","meta":[],"product_brand":[],"product_cat":[27],"product_tag":[],"class_list":{"0":"post-1185","1":"product","2":"type-product","3":"status-publish","4":"has-post-thumbnail","6":"product_cat-genel","8":"first","9":"instock","10":"shipping-taxable","11":"purchasable","12":"product-type-simple"},"_links":{"self":[{"href":"https:\/\/www.famyayinlari.com\/kitap\/wp-json\/wp\/v2\/product\/1185","targetHints":{"allow":["GET"]}}],"collection":[{"href":"https:\/\/www.famyayinlari.com\/kitap\/wp-json\/wp\/v2\/product"}],"about":[{"href":"https:\/\/www.famyayinlari.com\/kitap\/wp-json\/wp\/v2\/types\/product"}],"replies":[{"embeddable":true,"href":"https:\/\/www.famyayinlari.com\/kitap\/wp-json\/wp\/v2\/comments?post=1185"}],"wp:featuredmedia":[{"embeddable":true,"href":"https:\/\/www.famyayinlari.com\/kitap\/wp-json\/wp\/v2\/media\/1186"}],"wp:attachment":[{"href":"https:\/\/www.famyayinlari.com\/kitap\/wp-json\/wp\/v2\/media?parent=1185"}],"wp:term":[{"taxonomy":"product_brand","embeddable":true,"href":"https:\/\/www.famyayinlari.com\/kitap\/wp-json\/wp\/v2\/product_brand?post=1185"},{"taxonomy":"product_cat","embeddable":true,"href":"https:\/\/www.famyayinlari.com\/kitap\/wp-json\/wp\/v2\/product_cat?post=1185"},{"taxonomy":"product_tag","embeddable":true,"href":"https:\/\/www.famyayinlari.com\/kitap\/wp-json\/wp\/v2\/product_tag?post=1185"}],"curies":[{"name":"wp","href":"https:\/\/api.w.org\/{rel}","templated":true}]}}