{"id":1173,"date":"2026-02-13T16:39:59","date_gmt":"2026-02-13T16:39:59","guid":{"rendered":"https:\/\/www.famyayinlari.com\/kitap\/?post_type=product&#038;p=1173"},"modified":"2026-02-13T16:40:00","modified_gmt":"2026-02-13T16:40:00","slug":"askirek","status":"publish","type":"product","link":"https:\/\/www.famyayinlari.com\/kitap\/urun\/askirek\/","title":{"rendered":"A\u015fkirek"},"content":{"rendered":"<p>Bu s\u00f6zl\u00fc tarih \u00e7al\u0131\u015fmas\u0131 uzun zamana yay\u0131lan g\u00f6r\u00fc\u015fmeler ve ar\u015fiv kaynaklar\u0131nda s\u00fcrd\u00fcr\u00fclen titiz bir arkeolojik \u00e7al\u0131\u015fmayla, A\u015fkirek k\u00f6y\u00fc halk\u0131n\u0131n s\u00fcrg\u00fcn sonras\u0131 ya\u015fant\u0131lar\u0131, k\u00f6ye d\u00f6n\u00fc\u015f ve k\u00f6yde ya\u015fam\u0131 yeniden kurma \u00e7abalar\u0131 1980&#8217;li y\u0131llara kadar anlat\u0131l\u0131yor.<\/p>\n<p>Unutulmas\u0131n diye anlat\u0131lanlar\u0131n de\u011fil, unutulmamas\u0131 gerekenlerin kitab\u0131. \u00c7\u00fcnk\u00fc ge\u00e7mi\u015f susarsa, gelece\u011fin dili kurur. Zaman unutur, insanlar susar, ama hat\u0131ralar toprakta iz b\u0131rak\u0131r. Bu kitap, bir k\u00f6y\u00fcn sadece ta\u015f\u0131n\u0131 topra\u011f\u0131n\u0131 de\u011fil, haf\u0131zas\u0131n\u0131 da kay\u0131t alt\u0131na almak i\u00e7in yaz\u0131ld\u0131.<\/p>\n<p>K\u00f6y halk\u0131n\u0131n a\u011fz\u0131ndan birebir aktar\u0131lanlar hem tarihsel hem k\u00fclt\u00fcrel bir belle\u011fi g\u00fcn y\u00fcz\u00fcne \u00e7\u0131kar\u0131yor. Kimi zaman bir d\u00fc\u011f\u00fcn sahnesi, kimi zaman zor bir k\u0131\u015f\u0131n hik\u00e2yesi, kimi zaman da art\u0131k ya\u015famayanlar\u0131n sessiz tan\u0131kl\u0131\u011f\u0131 ile&#8230;<\/p>\n","protected":false},"excerpt":{"rendered":"<p>Bu s\u00f6zl\u00fc tarih \u00e7al\u0131\u015fmas\u0131 uzun zamana yay\u0131lan g\u00f6r\u00fc\u015fmeler ve ar\u015fiv kaynaklar\u0131nda s\u00fcrd\u00fcr\u00fclen titiz bir arkeolojik \u00e7al\u0131\u015fmayla, A\u015fkirek k\u00f6y\u00fc halk\u0131n\u0131n s\u00fcrg\u00fcn sonras\u0131 ya\u015fant\u0131lar\u0131, k\u00f6ye d\u00f6n\u00fc\u015f ve k\u00f6yde ya\u015fam\u0131 yeniden kurma \u00e7abalar\u0131 1980&#8217;li y\u0131llara kadar anlat\u0131l\u0131yor.<\/p>\n<p>Unutulmas\u0131n diye anlat\u0131lanlar\u0131n de\u011fil, unutulmamas\u0131 gerekenlerin kitab\u0131. \u00c7\u00fcnk\u00fc ge\u00e7mi\u015f susarsa, gelece\u011fin dili kurur. Zaman unutur, insanlar susar, ama hat\u0131ralar toprakta iz b\u0131rak\u0131r. Bu kitap, bir k\u00f6y\u00fcn sadece ta\u015f\u0131n\u0131 topra\u011f\u0131n\u0131 de\u011fil, haf\u0131zas\u0131n\u0131 da kay\u0131t alt\u0131na almak i\u00e7in yaz\u0131ld\u0131.<\/p>\n<p>K\u00f6y halk\u0131n\u0131n a\u011fz\u0131ndan birebir aktar\u0131lanlar hem tarihsel hem k\u00fclt\u00fcrel bir belle\u011fi g\u00fcn y\u00fcz\u00fcne \u00e7\u0131kar\u0131yor. Kimi zaman bir d\u00fc\u011f\u00fcn sahnesi, kimi zaman zor bir k\u0131\u015f\u0131n hik\u00e2yesi, kimi zaman da art\u0131k ya\u015famayanlar\u0131n sessiz tan\u0131kl\u0131\u011f\u0131 ile&#8230;<\/p>\n","protected":false},"featured_media":1174,"comment_status":"open","ping_status":"closed","template":"","meta":[],"product_brand":[],"product_cat":[87],"product_tag":[],"class_list":{"0":"post-1173","1":"product","2":"type-product","3":"status-publish","4":"has-post-thumbnail","6":"product_cat-tarih","8":"first","9":"instock","10":"sale","11":"shipping-taxable","12":"purchasable","13":"product-type-simple"},"_links":{"self":[{"href":"https:\/\/www.famyayinlari.com\/kitap\/wp-json\/wp\/v2\/product\/1173","targetHints":{"allow":["GET"]}}],"collection":[{"href":"https:\/\/www.famyayinlari.com\/kitap\/wp-json\/wp\/v2\/product"}],"about":[{"href":"https:\/\/www.famyayinlari.com\/kitap\/wp-json\/wp\/v2\/types\/product"}],"replies":[{"embeddable":true,"href":"https:\/\/www.famyayinlari.com\/kitap\/wp-json\/wp\/v2\/comments?post=1173"}],"wp:featuredmedia":[{"embeddable":true,"href":"https:\/\/www.famyayinlari.com\/kitap\/wp-json\/wp\/v2\/media\/1174"}],"wp:attachment":[{"href":"https:\/\/www.famyayinlari.com\/kitap\/wp-json\/wp\/v2\/media?parent=1173"}],"wp:term":[{"taxonomy":"product_brand","embeddable":true,"href":"https:\/\/www.famyayinlari.com\/kitap\/wp-json\/wp\/v2\/product_brand?post=1173"},{"taxonomy":"product_cat","embeddable":true,"href":"https:\/\/www.famyayinlari.com\/kitap\/wp-json\/wp\/v2\/product_cat?post=1173"},{"taxonomy":"product_tag","embeddable":true,"href":"https:\/\/www.famyayinlari.com\/kitap\/wp-json\/wp\/v2\/product_tag?post=1173"}],"curies":[{"name":"wp","href":"https:\/\/api.w.org\/{rel}","templated":true}]}}