{"id":1168,"date":"2026-01-31T02:58:14","date_gmt":"2026-01-31T02:58:14","guid":{"rendered":"https:\/\/www.famyayinlari.com\/kitap\/?post_type=product&#038;p=1168"},"modified":"2026-01-31T02:58:14","modified_gmt":"2026-01-31T02:58:14","slug":"kapitalizmin-alacakaranligi-ve-devrimin-safagi","status":"publish","type":"product","link":"https:\/\/www.famyayinlari.com\/kitap\/urun\/kapitalizmin-alacakaranligi-ve-devrimin-safagi\/","title":{"rendered":"Kapitalizmin Alacakaranl\u0131\u011f\u0131 ve Devrimin \u015eafa\u011f\u0131"},"content":{"rendered":"<p>\u201cToplumun tarihsel, sosyal ve k\u00fclt\u00fcrel geli\u015fim ile d\u00f6n\u00fc\u015f\u00fcm \u015feklini iyi irdelemek; bunu sosyalist demokrasi ve sosyalist bilimin metotlar\u0131yla analiz edip \u00f6n\u00fcm\u00fcze bir yol \u00e7izmek durumunday\u0131z. Yapmamam\u0131z gereken en \u00f6nemli hatalardan biri ise en az\u0131ndan tarihsel s\u00fcre\u00e7te sosyalizm ad\u0131na ya\u015fanm\u0131\u015f olanlar\u0131 bir kenara itmektir. Ya\u015fanan b\u00fct\u00fcn bu s\u00fcre\u00e7ler, bizlerin tarihsel miras\u0131d\u0131r. Bu tarihsel veriler, h\u00e2len kom\u00fcnist bir d\u00fcnya d\u00fc\u015f\u00fcnenler i\u00e7in vazge\u00e7ilmez birer yol g\u00f6sterici ve bilgi hazinesidir. Toplumun ve insan\u0131n de\u011fi\u015fip d\u00f6n\u00fc\u015ferek vard\u0131\u011f\u0131 yeni sosyal ve ekonomik s\u00fcre\u00e7 irdelenmeli, s\u0131n\u0131f\u0131n arg\u00fcmanlar\u0131 \u00fcretilmelidir.<\/p>\n<p>Bu kitap; s\u0131n\u0131f m\u00fccadelesinin birikimini, kapitalist sistemin yapay zek\u00e2 \u00fczerinden yeniden \u015fekillendi\u011fi s\u00fcreci de dikkate alarak incelemektedir.\u201d<\/p>\n<p>&nbsp;<\/p>\n<p>Etiket fiyat\u0131 250 TL indirimli 200 TL<\/p>\n","protected":false},"excerpt":{"rendered":"<p>Bu kitap; s\u0131n\u0131f m\u00fccadelesinin birikimini, kapitalist sistemin yapay zek\u00e2 \u00fczerinden yeniden \u015fekillendi\u011fi s\u00fcreci de dikkate alarak incelemektedir.\u201d<\/p>\n","protected":false},"featured_media":1169,"comment_status":"open","ping_status":"closed","template":"","meta":[],"product_brand":[],"product_cat":[91],"product_tag":[],"class_list":{"0":"post-1168","1":"product","2":"type-product","3":"status-publish","4":"has-post-thumbnail","6":"product_cat-arastirma-inceleme","8":"first","9":"instock","10":"sale","11":"shipping-taxable","12":"purchasable","13":"product-type-simple"},"_links":{"self":[{"href":"https:\/\/www.famyayinlari.com\/kitap\/wp-json\/wp\/v2\/product\/1168","targetHints":{"allow":["GET"]}}],"collection":[{"href":"https:\/\/www.famyayinlari.com\/kitap\/wp-json\/wp\/v2\/product"}],"about":[{"href":"https:\/\/www.famyayinlari.com\/kitap\/wp-json\/wp\/v2\/types\/product"}],"replies":[{"embeddable":true,"href":"https:\/\/www.famyayinlari.com\/kitap\/wp-json\/wp\/v2\/comments?post=1168"}],"wp:featuredmedia":[{"embeddable":true,"href":"https:\/\/www.famyayinlari.com\/kitap\/wp-json\/wp\/v2\/media\/1169"}],"wp:attachment":[{"href":"https:\/\/www.famyayinlari.com\/kitap\/wp-json\/wp\/v2\/media?parent=1168"}],"wp:term":[{"taxonomy":"product_brand","embeddable":true,"href":"https:\/\/www.famyayinlari.com\/kitap\/wp-json\/wp\/v2\/product_brand?post=1168"},{"taxonomy":"product_cat","embeddable":true,"href":"https:\/\/www.famyayinlari.com\/kitap\/wp-json\/wp\/v2\/product_cat?post=1168"},{"taxonomy":"product_tag","embeddable":true,"href":"https:\/\/www.famyayinlari.com\/kitap\/wp-json\/wp\/v2\/product_tag?post=1168"}],"curies":[{"name":"wp","href":"https:\/\/api.w.org\/{rel}","templated":true}]}}