{"id":1053,"date":"2023-04-06T21:24:58","date_gmt":"2023-04-06T21:24:58","guid":{"rendered":"https:\/\/www.famyayinlari.com\/kitap\/?post_type=product&#038;p=1053"},"modified":"2025-03-19T16:43:27","modified_gmt":"2025-03-19T16:43:27","slug":"mesle-o-vustinik-zazaki-zazacahikayeler","status":"publish","type":"product","link":"https:\/\/www.famyayinlari.com\/kitap\/urun\/mesle-o-vustinik-zazaki-zazacahikayeler\/","title":{"rendered":"Mesle O Vustinik Zazaki\/ ZazacaHikayeler"},"content":{"rendered":"<p>Zazaca Hik\u00e2yeler kitab\u0131, \u0130brahim Bukan\u2019\u0131n Bing\u00f6l ve \u00e7evresinde yo\u011funla\u015farak yapt\u0131\u011f\u0131 derlemelerden olu\u015fmaktad\u0131r. Zaza halk\u0131n\u0131n toplumsal ili\u015fkilerini, do\u011fa ile ili\u015fkilerini, do\u011fadaki kom\u015fular\u0131 olan hayvanlar ile ili\u015fkilerini ve daha bir \u00e7ok y\u00f6nlerini fark etmek bu hik\u00e2yeleri okuyunca daha da kolayla\u015facakt\u0131r.<\/p>\n<p>ZazacaHik\u00e2yeler kitab\u0131, alan ara\u015ft\u0131rmas\u0131 ile yap\u0131lm\u0131\u015f \u00f6zenli bir derleme kitab\u0131d\u0131r. Bu \u00f6zelli\u011fi ile ar\u015fivlerde yerini alacakt\u0131r.<\/p>\n<p>\u0130brahim Bukan<\/p>\n","protected":false},"excerpt":{"rendered":"<p>Zazaca Hik\u00e2yeler kitab\u0131, \u0130brahim Bukan\u2019\u0131n Bing\u00f6l ve \u00e7evresinde yo\u011funla\u015farak yapt\u0131\u011f\u0131 derlemelerden olu\u015fmaktad\u0131r. Zaza halk\u0131n\u0131n toplumsal ili\u015fkilerini, do\u011fa ile ili\u015fkilerini, do\u011fadaki kom\u015fular\u0131 olan hayvanlar ile ili\u015fkilerini ve daha bir \u00e7ok y\u00f6nlerini fark etmek bu hik\u00e2yeleri okuyunca daha da kolayla\u015facakt\u0131r.<\/p>\n<p>ZazacaHik\u00e2yeler kitab\u0131, alan ara\u015ft\u0131rmas\u0131 ile yap\u0131lm\u0131\u015f \u00f6zenli bir derleme kitab\u0131d\u0131r. Bu \u00f6zelli\u011fi ile ar\u015fivlerde yerini alacakt\u0131r.<\/p>\n<p>\u0130brahim Bukan<\/p>\n","protected":false},"featured_media":1054,"comment_status":"open","ping_status":"closed","template":"","meta":[],"product_brand":[],"product_cat":[92],"product_tag":[],"class_list":{"0":"post-1053","1":"product","2":"type-product","3":"status-publish","4":"has-post-thumbnail","6":"product_cat-derleme","8":"first","9":"instock","10":"shipping-taxable","11":"purchasable","12":"product-type-simple"},"_links":{"self":[{"href":"https:\/\/www.famyayinlari.com\/kitap\/wp-json\/wp\/v2\/product\/1053","targetHints":{"allow":["GET"]}}],"collection":[{"href":"https:\/\/www.famyayinlari.com\/kitap\/wp-json\/wp\/v2\/product"}],"about":[{"href":"https:\/\/www.famyayinlari.com\/kitap\/wp-json\/wp\/v2\/types\/product"}],"replies":[{"embeddable":true,"href":"https:\/\/www.famyayinlari.com\/kitap\/wp-json\/wp\/v2\/comments?post=1053"}],"wp:featuredmedia":[{"embeddable":true,"href":"https:\/\/www.famyayinlari.com\/kitap\/wp-json\/wp\/v2\/media\/1054"}],"wp:attachment":[{"href":"https:\/\/www.famyayinlari.com\/kitap\/wp-json\/wp\/v2\/media?parent=1053"}],"wp:term":[{"taxonomy":"product_brand","embeddable":true,"href":"https:\/\/www.famyayinlari.com\/kitap\/wp-json\/wp\/v2\/product_brand?post=1053"},{"taxonomy":"product_cat","embeddable":true,"href":"https:\/\/www.famyayinlari.com\/kitap\/wp-json\/wp\/v2\/product_cat?post=1053"},{"taxonomy":"product_tag","embeddable":true,"href":"https:\/\/www.famyayinlari.com\/kitap\/wp-json\/wp\/v2\/product_tag?post=1053"}],"curies":[{"name":"wp","href":"https:\/\/api.w.org\/{rel}","templated":true}]}}