{"id":1051,"date":"2023-04-06T21:22:28","date_gmt":"2023-04-06T21:22:28","guid":{"rendered":"https:\/\/www.famyayinlari.com\/kitap\/?post_type=product&#038;p=1051"},"modified":"2025-03-19T16:44:02","modified_gmt":"2025-03-19T16:44:02","slug":"surgun","status":"publish","type":"product","link":"https:\/\/www.famyayinlari.com\/kitap\/urun\/surgun\/","title":{"rendered":"S\u00fcrg\u00fcn"},"content":{"rendered":"<p>Mustafa Dede t\u00fcm k\u00f6yl\u00fcye seslendi: \u201cDua edelim askerler topraklar\u0131m\u0131zda kan d\u00f6kmekten, zulmetmekten vazge\u00e7sin! \u0130nsanlar, hayvanlar \u00f6lmesin; evler, k\u00f6yler, ormanlar yak\u0131l\u0131p y\u0131k\u0131lmas\u0131n!\u201d<\/p>\n<p>\u00c7e\u015fmenin \u00e7evresi t\u0131kl\u0131m t\u0131kl\u0131m oldu, t\u00fcm k\u00f6y halk\u0131 orada toplanm\u0131\u015ft\u0131. A\u011flayanlar, dolananlar, dua edip a\u011f\u0131t yakanlar,  vedala\u015fanlar, birbirlerine nasihat edenler\u2026<\/p>\n<p>Sanki insanlar\u0131n k\u00f6ylerini terk edece\u011fini bilen ser\u00e7eler, kargalar \u00e7e\u015fmenin \u00fczerindeki \u00e7i\u00e7ek a\u00e7m\u0131\u015f elma a\u011fac\u0131n\u0131n dallar\u0131 aras\u0131na toplanm\u0131\u015f insanlar\u0131n \u015fivan\u0131na sesleriyle ses kat\u0131yorlard\u0131.<\/p>\n","protected":false},"excerpt":{"rendered":"<p>Mustafa Dede t\u00fcm k\u00f6yl\u00fcye seslendi: \u201cDua edelim askerler topraklar\u0131m\u0131zda kan d\u00f6kmekten, zulmetmekten vazge\u00e7sin! \u0130nsanlar, hayvanlar \u00f6lmesin; evler, k\u00f6yler, ormanlar yak\u0131l\u0131p y\u0131k\u0131lmas\u0131n!\u201d<\/p>\n<p>\u00c7e\u015fmenin \u00e7evresi t\u0131kl\u0131m t\u0131kl\u0131m oldu, t\u00fcm k\u00f6y halk\u0131 orada toplanm\u0131\u015ft\u0131. A\u011flayanlar, dolananlar, dua edip a\u011f\u0131t yakanlar,  vedala\u015fanlar, birbirlerine nasihat edenler\u2026<\/p>\n<p>Sanki insanlar\u0131n k\u00f6ylerini terk edece\u011fini bilen ser\u00e7eler, kargalar \u00e7e\u015fmenin \u00fczerindeki \u00e7i\u00e7ek a\u00e7m\u0131\u015f elma a\u011fac\u0131n\u0131n dallar\u0131 aras\u0131na toplanm\u0131\u015f insanlar\u0131n \u015fivan\u0131na sesleriyle ses kat\u0131yorlard\u0131.<\/p>\n","protected":false},"featured_media":1052,"comment_status":"open","ping_status":"closed","template":"","meta":[],"product_brand":[],"product_cat":[83],"product_tag":[],"class_list":{"0":"post-1051","1":"product","2":"type-product","3":"status-publish","4":"has-post-thumbnail","6":"product_cat-roman","8":"first","9":"instock","10":"shipping-taxable","11":"purchasable","12":"product-type-simple"},"_links":{"self":[{"href":"https:\/\/www.famyayinlari.com\/kitap\/wp-json\/wp\/v2\/product\/1051","targetHints":{"allow":["GET"]}}],"collection":[{"href":"https:\/\/www.famyayinlari.com\/kitap\/wp-json\/wp\/v2\/product"}],"about":[{"href":"https:\/\/www.famyayinlari.com\/kitap\/wp-json\/wp\/v2\/types\/product"}],"replies":[{"embeddable":true,"href":"https:\/\/www.famyayinlari.com\/kitap\/wp-json\/wp\/v2\/comments?post=1051"}],"wp:featuredmedia":[{"embeddable":true,"href":"https:\/\/www.famyayinlari.com\/kitap\/wp-json\/wp\/v2\/media\/1052"}],"wp:attachment":[{"href":"https:\/\/www.famyayinlari.com\/kitap\/wp-json\/wp\/v2\/media?parent=1051"}],"wp:term":[{"taxonomy":"product_brand","embeddable":true,"href":"https:\/\/www.famyayinlari.com\/kitap\/wp-json\/wp\/v2\/product_brand?post=1051"},{"taxonomy":"product_cat","embeddable":true,"href":"https:\/\/www.famyayinlari.com\/kitap\/wp-json\/wp\/v2\/product_cat?post=1051"},{"taxonomy":"product_tag","embeddable":true,"href":"https:\/\/www.famyayinlari.com\/kitap\/wp-json\/wp\/v2\/product_tag?post=1051"}],"curies":[{"name":"wp","href":"https:\/\/api.w.org\/{rel}","templated":true}]}}