{"id":1047,"date":"2023-04-06T21:17:38","date_gmt":"2023-04-06T21:17:38","guid":{"rendered":"https:\/\/www.famyayinlari.com\/kitap\/?post_type=product&#038;p=1047"},"modified":"2025-03-19T16:42:55","modified_gmt":"2025-03-19T16:42:55","slug":"hitit-hukuku","status":"publish","type":"product","link":"https:\/\/www.famyayinlari.com\/kitap\/urun\/hitit-hukuku\/","title":{"rendered":"Hitit Hukuku"},"content":{"rendered":"<p>G\u00fcn\u00fcm\u00fczden yakla\u015f\u0131k 3200 y\u0131l \u00f6nce tahta oturan Hitit Kral\u0131 II. Tuthaliya yarg\u0131\u00e7lara \u015fu talimat\u0131 vermi\u015fti: \u201cBasit bir davay\u0131 zorla\u015ft\u0131rmay\u0131n\u0131z. Zor bir davay\u0131 da basitmi\u015f gibi g\u00f6stermeyiniz. Do\u011fru olan\u0131 yap\u0131n\u0131z\u201d<br \/>\nErdal Do\u011fan\u2019\u0131n, 3 bin 500 y\u0131l \u00f6nceki Hitit hukukunun g\u00fcn\u00fcm\u00fcz\u00fcn \u2018insan haklar\u0131, demokrasi\u2019 odakl\u0131 hukukuna g\u00f6re daha h\u00fcmanist ve hatta kimi uygulamalarla daha \u00f6zg\u00fcrl\u00fck\u00e7\u00fc oldu\u011funu \u00f6rnekleri ile i\u015fledi\u011fi \u00e7al\u0131\u015fmas\u0131 okuyucuyu tarihin derinliklerine g\u00f6t\u00fcr\u00fcyor.<\/p>\n","protected":false},"excerpt":{"rendered":"<p>Erdal Do\u011fan\u2019\u0131n, 3 bin 500 y\u0131l \u00f6nceki Hitit hukukunun g\u00fcn\u00fcm\u00fcz\u00fcn \u2018insan haklar\u0131, demokrasi\u2019 odakl\u0131 hukukuna g\u00f6re daha h\u00fcmanist ve hatta kimi uygulamalarla daha \u00f6zg\u00fcrl\u00fck\u00e7\u00fc oldu\u011funu \u00f6rnekleri ile i\u015fledi\u011fi \u00e7al\u0131\u015fmas\u0131 okuyucuyu tarihin derinliklerine g\u00f6t\u00fcr\u00fcyor.<\/p>\n","protected":false},"featured_media":1048,"comment_status":"open","ping_status":"closed","template":"","meta":[],"product_brand":[],"product_cat":[91],"product_tag":[],"class_list":{"0":"post-1047","1":"product","2":"type-product","3":"status-publish","4":"has-post-thumbnail","6":"product_cat-arastirma-inceleme","8":"first","9":"instock","10":"shipping-taxable","11":"purchasable","12":"product-type-simple"},"_links":{"self":[{"href":"https:\/\/www.famyayinlari.com\/kitap\/wp-json\/wp\/v2\/product\/1047","targetHints":{"allow":["GET"]}}],"collection":[{"href":"https:\/\/www.famyayinlari.com\/kitap\/wp-json\/wp\/v2\/product"}],"about":[{"href":"https:\/\/www.famyayinlari.com\/kitap\/wp-json\/wp\/v2\/types\/product"}],"replies":[{"embeddable":true,"href":"https:\/\/www.famyayinlari.com\/kitap\/wp-json\/wp\/v2\/comments?post=1047"}],"wp:featuredmedia":[{"embeddable":true,"href":"https:\/\/www.famyayinlari.com\/kitap\/wp-json\/wp\/v2\/media\/1048"}],"wp:attachment":[{"href":"https:\/\/www.famyayinlari.com\/kitap\/wp-json\/wp\/v2\/media?parent=1047"}],"wp:term":[{"taxonomy":"product_brand","embeddable":true,"href":"https:\/\/www.famyayinlari.com\/kitap\/wp-json\/wp\/v2\/product_brand?post=1047"},{"taxonomy":"product_cat","embeddable":true,"href":"https:\/\/www.famyayinlari.com\/kitap\/wp-json\/wp\/v2\/product_cat?post=1047"},{"taxonomy":"product_tag","embeddable":true,"href":"https:\/\/www.famyayinlari.com\/kitap\/wp-json\/wp\/v2\/product_tag?post=1047"}],"curies":[{"name":"wp","href":"https:\/\/api.w.org\/{rel}","templated":true}]}}