{"id":1045,"date":"2023-04-06T21:15:52","date_gmt":"2023-04-06T21:15:52","guid":{"rendered":"https:\/\/www.famyayinlari.com\/kitap\/?post_type=product&#038;p=1045"},"modified":"2024-11-27T19:34:37","modified_gmt":"2024-11-27T19:34:37","slug":"anadolunun-kadim-halki-deylemliler-ve-zazaca","status":"publish","type":"product","link":"https:\/\/www.famyayinlari.com\/kitap\/urun\/anadolunun-kadim-halki-deylemliler-ve-zazaca\/","title":{"rendered":"Anadolu\u2019nun Kadim Halk\u0131 Deylemliler ve Zazaca"},"content":{"rendered":"<p>Demografik yap\u0131 a\u00e7\u0131s\u0131ndan T\u00fcrkiye\u2019de ya\u015fayan en \u00fc\u00e7\u00fcnc\u00fc b\u00fcy\u00fck halk olan Zazalar\u2019\u0131n tarihinin, k\u00fclt\u00fcr\u00fcn\u00fcn, gelenek g\u00f6reneklerinin etrafl\u0131ca ele al\u0131nmas\u0131n\u0131n yan\u0131 s\u0131ra, Zazaca\u2019y\u0131 dilbilimcilerin yakla\u015f\u0131m\u0131na g\u00f6re inceleyen elinizdeki bu kitap alan\u0131nda bir\u00e7ok sorunun cevab\u0131 olma \u00f6zelli\u011fine sahiptir.<\/p>\n<p>Zazalar ve Zazaca \u00fczerine son y\u0131llarda artan \u00fcr\u00fcnlere bir katk\u0131 olarak haz\u0131rlanan \u201cAnadolu\u2019nun Kadim Halk\u0131 Zazalar (Deylemliler) ve Zazaca\u201d kitab\u0131 alan\u0131nda \u00f6nemli bir eksikli\u011fi giderme niteli\u011findedir.<\/p>\n<p>Kenan Karata\u015f<\/p>\n","protected":false},"excerpt":{"rendered":"<p>Demografik yap\u0131 a\u00e7\u0131s\u0131ndan T\u00fcrkiye\u2019de ya\u015fayan en \u00fc\u00e7\u00fcnc\u00fc b\u00fcy\u00fck halk olan Zazalar\u2019\u0131n tarihinin, k\u00fclt\u00fcr\u00fcn\u00fcn, gelenek g\u00f6reneklerinin etrafl\u0131ca ele al\u0131nmas\u0131n\u0131n yan\u0131 s\u0131ra, Zazaca\u2019y\u0131 dilbilimcilerin yakla\u015f\u0131m\u0131na g\u00f6re inceleyen elinizdeki bu kitap alan\u0131nda bir\u00e7ok sorunun cevab\u0131 olma \u00f6zelli\u011fine sahiptir. Zazalar ve Zazaca \u00fczerine son y\u0131llarda artan \u00fcr\u00fcnlere bir katk\u0131&hellip;<\/p>\n","protected":false},"featured_media":1046,"comment_status":"open","ping_status":"closed","template":"","meta":[],"product_brand":[],"product_cat":[91],"product_tag":[],"class_list":{"0":"post-1045","1":"product","2":"type-product","3":"status-publish","4":"has-post-thumbnail","6":"product_cat-arastirma-inceleme","8":"first","9":"instock","10":"shipping-taxable","11":"purchasable","12":"product-type-simple"},"_links":{"self":[{"href":"https:\/\/www.famyayinlari.com\/kitap\/wp-json\/wp\/v2\/product\/1045","targetHints":{"allow":["GET"]}}],"collection":[{"href":"https:\/\/www.famyayinlari.com\/kitap\/wp-json\/wp\/v2\/product"}],"about":[{"href":"https:\/\/www.famyayinlari.com\/kitap\/wp-json\/wp\/v2\/types\/product"}],"replies":[{"embeddable":true,"href":"https:\/\/www.famyayinlari.com\/kitap\/wp-json\/wp\/v2\/comments?post=1045"}],"wp:featuredmedia":[{"embeddable":true,"href":"https:\/\/www.famyayinlari.com\/kitap\/wp-json\/wp\/v2\/media\/1046"}],"wp:attachment":[{"href":"https:\/\/www.famyayinlari.com\/kitap\/wp-json\/wp\/v2\/media?parent=1045"}],"wp:term":[{"taxonomy":"product_brand","embeddable":true,"href":"https:\/\/www.famyayinlari.com\/kitap\/wp-json\/wp\/v2\/product_brand?post=1045"},{"taxonomy":"product_cat","embeddable":true,"href":"https:\/\/www.famyayinlari.com\/kitap\/wp-json\/wp\/v2\/product_cat?post=1045"},{"taxonomy":"product_tag","embeddable":true,"href":"https:\/\/www.famyayinlari.com\/kitap\/wp-json\/wp\/v2\/product_tag?post=1045"}],"curies":[{"name":"wp","href":"https:\/\/api.w.org\/{rel}","templated":true}]}}