{"id":1034,"date":"2023-04-03T20:10:20","date_gmt":"2023-04-03T20:10:20","guid":{"rendered":"https:\/\/www.famyayinlari.com\/kitap\/?post_type=product&#038;p=1034"},"modified":"2024-11-27T23:21:11","modified_gmt":"2024-11-27T23:21:11","slug":"dersimin-gizemli-tarihi-2","status":"publish","type":"product","link":"https:\/\/www.famyayinlari.com\/kitap\/urun\/dersimin-gizemli-tarihi-2\/","title":{"rendered":"Dersim&#8217;in Gizemli Tarihi &#8211; 2"},"content":{"rendered":"<p>Yazar: Erdo\u011fan Yalg\u0131n<br \/>\nYay\u0131nevi:Fam Yay\u0131nlar\u0131<br \/>\nISBN:9786055293413<br \/>\nBu kitap, iki ayr\u0131 ana b\u00f6l\u00fcmden olu\u015fmaktad\u0131r. Birincisi b\u00f6l\u00fcmde, Pilvenk\/ Pilvank\/ Pilvankan a\u015fireti i\u00e7inde v\u00fccuda gelen \u201c\u015e\u0131x Delil-i Berx\u00e9can Oca\u011f\u0131\u201d incelenerek, a\u015firet-ocak bile\u015fkesinde Berx\u00e9can oca\u011f\u0131n\u0131n olu\u015fumu, i\u00e7i\u015fleyi\u015fi, talipler toplulu\u011fu, Ehli Heq inanc\u0131yla olan ili\u015fkisi hakk\u0131nda farkl\u0131 verileri ele al\u0131nm\u0131\u015ft\u0131r.<\/p>\n<p>Bu \u00e7al\u0131\u015fmada; Dersim merkezli &#8220;R\u00e9ya\/ Raa Heqi (hak yolu\/ do\u011fruluk yolu)&#8221; inanc\u0131n\u0131n Ocak yap\u0131lanmas\u0131na temas edilmi\u015ftir. Dolay\u0131s\u0131yla; Dersim ocaklar sisteminin olu\u015fumunun 10-11.y\u00fczy\u0131llara kadar uzand\u0131\u011f\u0131 anla\u015f\u0131lacakt\u0131r.<\/p>\n","protected":false},"excerpt":{"rendered":"<p>Bu kitap, iki ayr\u0131 ana b\u00f6l\u00fcmden olu\u015fmaktad\u0131r. Birincisi b\u00f6l\u00fcmde, Pilvenk\/ Pilvank\/ Pilvankan a\u015fireti i\u00e7inde v\u00fccuda gelen \u201c\u015e\u0131x Delil-i Berx\u00e9can Oca\u011f\u0131\u201d incelenerek, a\u015firet-ocak bile\u015fkesinde Berx\u00e9can oca\u011f\u0131n\u0131n olu\u015fumu, i\u00e7i\u015fleyi\u015fi, talipler toplulu\u011fu, Ehli Heq inanc\u0131yla olan ili\u015fkisi hakk\u0131nda farkl\u0131 verileri ele al\u0131nm\u0131\u015ft\u0131r.<\/p>\n<p>Bu \u00e7al\u0131\u015fmada; Dersim merkezli &#8220;R\u00e9ya\/ Raa Heqi (hak yolu\/ do\u011fruluk yolu)&#8221; inanc\u0131n\u0131n Ocak yap\u0131lanmas\u0131na temas edilmi\u015ftir. Dolay\u0131s\u0131yla; Dersim ocaklar sisteminin olu\u015fumunun 10-11.y\u00fczy\u0131llara kadar uzand\u0131\u011f\u0131 anla\u015f\u0131lacakt\u0131r.<\/p>\n","protected":false},"featured_media":1036,"comment_status":"open","ping_status":"closed","template":"","meta":[],"product_brand":[],"product_cat":[87],"product_tag":[],"class_list":{"0":"post-1034","1":"product","2":"type-product","3":"status-publish","4":"has-post-thumbnail","6":"product_cat-tarih","8":"first","9":"instock","10":"sale","11":"shipping-taxable","12":"purchasable","13":"product-type-simple"},"_links":{"self":[{"href":"https:\/\/www.famyayinlari.com\/kitap\/wp-json\/wp\/v2\/product\/1034","targetHints":{"allow":["GET"]}}],"collection":[{"href":"https:\/\/www.famyayinlari.com\/kitap\/wp-json\/wp\/v2\/product"}],"about":[{"href":"https:\/\/www.famyayinlari.com\/kitap\/wp-json\/wp\/v2\/types\/product"}],"replies":[{"embeddable":true,"href":"https:\/\/www.famyayinlari.com\/kitap\/wp-json\/wp\/v2\/comments?post=1034"}],"wp:featuredmedia":[{"embeddable":true,"href":"https:\/\/www.famyayinlari.com\/kitap\/wp-json\/wp\/v2\/media\/1036"}],"wp:attachment":[{"href":"https:\/\/www.famyayinlari.com\/kitap\/wp-json\/wp\/v2\/media?parent=1034"}],"wp:term":[{"taxonomy":"product_brand","embeddable":true,"href":"https:\/\/www.famyayinlari.com\/kitap\/wp-json\/wp\/v2\/product_brand?post=1034"},{"taxonomy":"product_cat","embeddable":true,"href":"https:\/\/www.famyayinlari.com\/kitap\/wp-json\/wp\/v2\/product_cat?post=1034"},{"taxonomy":"product_tag","embeddable":true,"href":"https:\/\/www.famyayinlari.com\/kitap\/wp-json\/wp\/v2\/product_tag?post=1034"}],"curies":[{"name":"wp","href":"https:\/\/api.w.org\/{rel}","templated":true}]}}