{"id":1030,"date":"2022-11-07T20:34:50","date_gmt":"2022-11-07T20:34:50","guid":{"rendered":"https:\/\/www.famyayinlari.com\/kitap\/?post_type=product&#038;p=1030"},"modified":"2024-11-27T12:13:56","modified_gmt":"2024-11-27T12:13:56","slug":"patikadaki-ates","status":"publish","type":"product","link":"https:\/\/www.famyayinlari.com\/kitap\/urun\/patikadaki-ates\/","title":{"rendered":"Patikadaki Ate\u015f"},"content":{"rendered":"<p>Bu kitap, y\u00fcreklerini ve bilin\u00e7lerini eylem k\u0131lman\u0131n c\u00fcretiyle yola \u00e7\u0131kanlar\u0131n hik\u00e2yelerini bize anlat\u0131yor. Devrimi, devrimci kazan\u0131mlar\u0131 ve devrimci perspektifleri can bedeli savunup koruyanlar\u0131n ayak izlerini takip eden bir bak\u0131\u015fla in\u015fa edilmi\u015f. G\u00fc\u00e7l\u00fc bir \u00f6zg\u00fcr gelecek sevdas\u0131yla donanm\u0131\u015f, kalbini ve ruhunu devrime adam\u0131\u015f, dava ve yolda\u015fl\u0131k de\u011ferlerinin moral g\u00fcc\u00fcyle ku\u015fanm\u0131\u015f neferlerin \u00f6zlemlerini, umutlar\u0131n\u0131, kavgalar\u0131n\u0131 resmeder, \u0131\u015f\u0131kland\u0131r\u0131lm\u0131\u015f renklerini yans\u0131t\u0131r.<\/p>\n","protected":false},"excerpt":{"rendered":"<p>Bu kitap, y\u00fcreklerini ve bilin\u00e7lerini eylem k\u0131lman\u0131n c\u00fcretiyle yola \u00e7\u0131kanlar\u0131n hik\u00e2yelerini bize anlat\u0131yor. Devrimi, devrimci kazan\u0131mlar\u0131 ve devrimci perspektifleri can bedeli savunup koruyanlar\u0131n ayak izlerini takip eden bir bak\u0131\u015fla in\u015fa edilmi\u015f. G\u00fc\u00e7l\u00fc bir \u00f6zg\u00fcr gelecek sevdas\u0131yla donanm\u0131\u015f, kalbini ve ruhunu devrime adam\u0131\u015f, dava ve yolda\u015fl\u0131k de\u011ferlerinin moral g\u00fcc\u00fcyle ku\u015fanm\u0131\u015f neferlerin \u00f6zlemlerini, umutlar\u0131n\u0131, kavgalar\u0131n\u0131 resmeder, \u0131\u015f\u0131kland\u0131r\u0131lm\u0131\u015f renklerini yans\u0131t\u0131r.<\/p>\n","protected":false},"featured_media":1031,"comment_status":"open","ping_status":"closed","template":"","meta":[],"product_brand":[],"product_cat":[83],"product_tag":[85,86,79,84],"class_list":{"0":"post-1030","1":"product","2":"type-product","3":"status-publish","4":"has-post-thumbnail","6":"product_cat-roman","7":"product_tag-dersim-oykuleri","8":"product_tag-dersim-romanlari","9":"product_tag-fam-yayinlari","10":"product_tag-patikadaki-ates","12":"first","13":"instock","14":"shipping-taxable","15":"purchasable","16":"product-type-simple"},"_links":{"self":[{"href":"https:\/\/www.famyayinlari.com\/kitap\/wp-json\/wp\/v2\/product\/1030","targetHints":{"allow":["GET"]}}],"collection":[{"href":"https:\/\/www.famyayinlari.com\/kitap\/wp-json\/wp\/v2\/product"}],"about":[{"href":"https:\/\/www.famyayinlari.com\/kitap\/wp-json\/wp\/v2\/types\/product"}],"replies":[{"embeddable":true,"href":"https:\/\/www.famyayinlari.com\/kitap\/wp-json\/wp\/v2\/comments?post=1030"}],"wp:featuredmedia":[{"embeddable":true,"href":"https:\/\/www.famyayinlari.com\/kitap\/wp-json\/wp\/v2\/media\/1031"}],"wp:attachment":[{"href":"https:\/\/www.famyayinlari.com\/kitap\/wp-json\/wp\/v2\/media?parent=1030"}],"wp:term":[{"taxonomy":"product_brand","embeddable":true,"href":"https:\/\/www.famyayinlari.com\/kitap\/wp-json\/wp\/v2\/product_brand?post=1030"},{"taxonomy":"product_cat","embeddable":true,"href":"https:\/\/www.famyayinlari.com\/kitap\/wp-json\/wp\/v2\/product_cat?post=1030"},{"taxonomy":"product_tag","embeddable":true,"href":"https:\/\/www.famyayinlari.com\/kitap\/wp-json\/wp\/v2\/product_tag?post=1030"}],"curies":[{"name":"wp","href":"https:\/\/api.w.org\/{rel}","templated":true}]}}