{"id":1124,"date":"2024-11-27T23:33:07","date_gmt":"2024-11-27T23:33:07","guid":{"rendered":"https:\/\/www.famyayinlari.com\/kitap\/?page_id=1124"},"modified":"2024-11-27T23:33:07","modified_gmt":"2024-11-27T23:33:07","slug":"kvkk-aydinlatma-metni","status":"publish","type":"page","link":"https:\/\/www.famyayinlari.com\/kitap\/kvkk-aydinlatma-metni\/","title":{"rendered":"KVKK Ayd\u0131nlatma Metni"},"content":{"rendered":"<div id=\"page_title\" class=\"mt30\">\n<div class=\"container\">\n<div class=\"row\">\n<h1 class=\"col-lg-8\"><strong style=\"font-size: 16px;\">Ki\u015fisel Verilerin \u0130\u015flenmesine Dair Ayd\u0131nlatma Metni<\/strong><\/h1>\n<\/div>\n<\/div>\n<\/div>\n<div class=\"sayfa_content py-3 py-sm-5\">\n<div class=\"container\">\n<div class=\"icerik\">\n<p>\u0130\u015fbu Ki\u015fisel Verilerin \u0130\u015flenmesine Dair Ayd\u0131nlatma Metni ile, 6698 Say\u0131l\u0131 Ki\u015fisel Verilerin Korunmas\u0131 Kanunu\u2019nun (\u201cKVKK\u201d) 10. maddesi uyar\u0131nca, Tunceli \u0130li\u00a0 Ticaret Sicilinde kay\u0131tl\u0131; Sanat Sokak No: 1 D: 102 TUNCEL\u0130 adresinde mukim, FAM YAYINLARI (\u201c\u015eirket\u201d) olarak ki\u015fisel veri i\u015fleme faaliyetlerimiz hakk\u0131nda sizleri bilgilendirmek ve ayd\u0131nlatmak isteriz.<\/p>\n<p><strong>1. Veri Sorumlusu ve Temsilcisi<\/strong><\/p>\n<p>Taraf\u0131n\u0131za ait ki\u015fisel veriler, \u015eirket taraf\u0131ndan veri sorumlu s\u0131fat\u0131yla a\u015fa\u011f\u0131da a\u00e7\u0131klanan ama\u00e7lar do\u011frultusunda ve bunlarla s\u0131n\u0131rl\u0131 olarak hukuka ve d\u00fcr\u00fcstl\u00fck kurallar\u0131na uygun \u015fekilde i\u015flenebilecektir. Bu veriler kaydedilebilir, saklanabilir, s\u0131n\u0131fland\u0131r\u0131labilir, g\u00fcncellenebilir ve mevzuat\u0131n izin verdi\u011fi hallerde, i\u015flendikleri ama\u00e7la s\u0131n\u0131rl\u0131 olarak \u00fc\u00e7\u00fcnc\u00fc ki\u015filere a\u00e7\u0131klanabilir veya aktar\u0131labilir.<\/p>\n<p><strong>2. Ki\u015fisel Verilerinizin \u0130\u015flenme Amac\u0131<\/strong><\/p>\n<p>Ki\u015fisel verileriniz, KVKK\u2019da \u00f6ng\u00f6r\u00fclen temel ilkelere uygun olarak a\u015fa\u011f\u0131daki ama\u00e7larla i\u015flenebilir:<\/p>\n<ul>\n<li>Mevzuattan kaynaklanan y\u00fck\u00fcml\u00fcl\u00fcklerin yerine getirilmesi ve yasal bildirimlerin yap\u0131lmas\u0131, yasal takip s\u00fcre\u00e7lerinin y\u00fcr\u00fct\u00fclmesi,<\/li>\n<li>Sat\u0131n alma bilgileri toplanarak \u00fcr\u00fcnlerin teslim edilmesi,<\/li>\n<li>Websitesinde ticari faaliyetlerin risk analizi ve y\u00f6netimi,<\/li>\n<li>S\u00fcre\u00e7 denetimi ve \u015f\u00fcpheli i\u015flem ara\u015ft\u0131rmas\u0131,<\/li>\n<li>Hizmet kalitesi ve m\u00fc\u015fteri memnuniyetinin \u00f6l\u00e7\u00fcmlenmesi, asistans hizmetlerinin de\u011ferlendirilmesi, \u015fikayet y\u00f6netimi, m\u00fc\u015fteri segmentasyonu ve anket \u00e7al\u0131\u015fmalar\u0131,<\/li>\n<li>Gelen aramalar\u0131n kay\u0131t alt\u0131na al\u0131nmas\u0131 ve hizmet kalitesinin art\u0131r\u0131lmas\u0131,<\/li>\n<li>D\u0131\u015f hizmet tedarik\u00e7ilerinden destek hizmetlerinin temin edilmesi,<\/li>\n<li>\u00dc\u00e7\u00fcnc\u00fc ki\u015filerden gelen taleplere cevap verilmesi.<\/li>\n<\/ul>\n<p>A\u00e7\u0131k r\u0131zan\u0131z bulunmas\u0131 halinde, ki\u015fisel verileriniz pazarlama ama\u00e7l\u0131 olarak kullan\u0131labilir ve bu veriler, di\u011fer \u015firketlerden toplad\u0131\u011f\u0131m\u0131z bilgiler ile birle\u015ftirilerek hizmet i\u00e7erik ve tan\u0131t\u0131mlar\u0131 ki\u015fiselle\u015ftirilebilir. \u0130lgili ki\u015fi, pazarlama ama\u00e7l\u0131 tan\u0131t\u0131mlar\u0131 almamak i\u00e7in taleplerini internet sitesinde yer alan ileti\u015fim bilgilerinden bize iletebilir.<\/p>\n<p><strong>3. Ki\u015fisel Verilerinizin Aktar\u0131lmas\u0131<\/strong><\/p>\n<p>Ki\u015fisel verileriniz, hizmetlerin daha iyi sunulmas\u0131, g\u00fcvenli\u011fin sa\u011flanmas\u0131 ve ileti\u015fimlerin yap\u0131lmas\u0131 amac\u0131yla, veri g\u00fcvenli\u011fi hassasiyetini payla\u015fan ve ilgili mevzuata uygun olan yerli veya yabanc\u0131 \u00fc\u00e7\u00fcnc\u00fc ki\u015filerle, yaln\u0131zca ihtiya\u00e7 duyulan \u00f6l\u00e7\u00fcde payla\u015f\u0131labilir.<\/p>\n<p><strong>4. Yurtd\u0131\u015f\u0131na Veri Aktar\u0131m\u0131<\/strong><\/p>\n<p>Ki\u015fisel verileriniz, a\u00e7\u0131k r\u0131zan\u0131z do\u011frultusunda veya KVKK\u2019n\u0131n belirledi\u011fi \u015fartlar alt\u0131nda, yeterli korumaya sahip yabanc\u0131 \u00fclkelerdeki veri sorumlular\u0131na aktar\u0131labilir. Ayr\u0131ca, ki\u015fisel verilerin aktar\u0131ld\u0131\u011f\u0131 \u00fclkedeki veri sorumlular\u0131n\u0131n yeterli korumay\u0131 yaz\u0131l\u0131 olarak taahh\u00fct etti\u011fi ve Ki\u015fisel Verileri Koruma Kurulu taraf\u0131ndan onaylanan \u00fclkeler d\u0131\u015f\u0131nda veri aktar\u0131m\u0131 yap\u0131lmayacakt\u0131r.<\/p>\n<p><strong>5. Ki\u015fisel Verilerinizin Toplanma Y\u00f6ntemi ve Hukuki Sebebi<\/strong><\/p>\n<p>Ki\u015fisel verileriniz, form, e-posta, telefon, SMS, web sitemiz, mobil uygulama, kargo, yaz\u0131\u015fmalar, saha \u00e7al\u0131\u015fmalar\u0131, sosyal medya, 3. ki\u015filer, posta, kamera kayd\u0131 ve benzeri kanallarla toplan\u0131r. Bu veriler KVKK\u2019n\u0131n belirledi\u011fi ilkeler ve hukuki sebepler \u00e7er\u00e7evesinde i\u015flenir.<\/p>\n<p><strong>6. KVKK\u2019n\u0131n 11. Maddesi Uyar\u0131nca Sahip Oldu\u011funuz Haklar<\/strong><\/p>\n<p>KVKK\u2019n\u0131n 11. maddesi uyar\u0131nca sahip oldu\u011funuz haklar \u015funlard\u0131r:<\/p>\n<ul>\n<li>Ki\u015fisel verinizin i\u015flenip i\u015flenmedi\u011fini \u00f6\u011frenme,<\/li>\n<li>\u0130\u015flenmi\u015fse bu veriler hakk\u0131nda bilgi talep etme,<\/li>\n<li>Verilerin i\u015flenme amac\u0131n\u0131 ve amaca uygun kullan\u0131l\u0131p kullan\u0131lmad\u0131\u011f\u0131n\u0131 \u00f6\u011frenme,<\/li>\n<li>Yurt i\u00e7inde veya yurt d\u0131\u015f\u0131nda ki\u015fisel verilerin aktar\u0131ld\u0131\u011f\u0131 \u00fc\u00e7\u00fcnc\u00fc ki\u015fileri bilme,<\/li>\n<li>Eksik veya yanl\u0131\u015f i\u015flenmi\u015f verilerin d\u00fczeltilmesini isteme,<\/li>\n<li>KVKK m. 7\u2019de \u00f6ng\u00f6r\u00fclen \u015fartlarla verilerin silinmesini veya yok edilmesini isteme,<\/li>\n<li>Yap\u0131lan i\u015flemlerin, ki\u015fisel verilerin aktar\u0131ld\u0131\u011f\u0131 \u00fc\u00e7\u00fcnc\u00fc ki\u015filere bildirilmesini isteme,<\/li>\n<li>Ki\u015fisel verilerinizin otomatik sistemlerle analiz edilmesi yoluyla aleyhinize sonu\u00e7 do\u011furmas\u0131 durumunda itiraz etme,<\/li>\n<li>Mevzuata ayk\u0131r\u0131 i\u015flenme nedeniyle u\u011franan zarar\u0131n giderilmesini talep etme.<\/li>\n<\/ul>\n<p>Ba\u015fvurular\u0131n\u0131z\u0131 internet sitemizdeki \u201c\u0130leti\u015fim\u201d sayfas\u0131nda belirtilen adrese, \u0131slak imzal\u0131 olarak iadeli taahh\u00fctl\u00fc posta ile iletebilirsiniz. \u015eirket, talebinizi en ge\u00e7 30 g\u00fcn i\u00e7inde \u00fccretsiz olarak sonu\u00e7land\u0131racakt\u0131r. Ba\u015fvurunun maliyet gerektirmesi durumunda, Kurul taraf\u0131ndan belirlenen \u00fccretler fatura edilecektir.<\/p>\n<p><strong>7. Ki\u015fisel Veri Saklama S\u00fcresi<\/strong><\/p>\n<p>Ki\u015fisel veriler, KVKK uyar\u0131nca yaln\u0131zca ilgili mevzuatta \u00f6ng\u00f6r\u00fclen s\u00fcreler kadar saklan\u0131r. Mevzuatta s\u00fcre belirtilmemi\u015fse, ki\u015fisel veri i\u015fleme amac\u0131n\u0131n gerektirdi\u011fi s\u00fcre kadar muhafaza edilir. Veriler, i\u015flenmesini gerektiren sebepler sona erdi\u011finde silinir, yok edilir veya anonim hale getirilir.<\/p>\n<p><strong>8. Bilgilerinizin G\u00fcncellenmesi Talebi<\/strong><\/p>\n<p>Ki\u015fisel verilerinizin do\u011fru ve g\u00fcncel olmas\u0131 gerekmektedir. Herhangi bir de\u011fi\u015fiklik durumunda, internet sitemizdeki \u201c\u0130leti\u015fim\u201d sayfas\u0131nda belirtilen e-posta adresine, \u00fcye oldu\u011funuz e-posta adresinden bildirmeniz gerekmektedir.<\/p>\n<p><strong>FAM YAYINLARI<\/strong><\/p>\n<\/div>\n<\/div>\n<\/div>\n","protected":false},"excerpt":{"rendered":"<p>Ki\u015fisel Verilerin \u0130\u015flenmesine Dair Ayd\u0131nlatma Metni \u0130\u015fbu Ki\u015fisel Verilerin \u0130\u015flenmesine Dair Ayd\u0131nlatma Metni ile, 6698 Say\u0131l\u0131 Ki\u015fisel Verilerin Korunmas\u0131 Kanunu\u2019nun (\u201cKVKK\u201d) 10. maddesi uyar\u0131nca, Tunceli \u0130li\u00a0 Ticaret Sicilinde kay\u0131tl\u0131; Sanat Sokak No: 1 D: 102 TUNCEL\u0130 adresinde mukim, FAM YAYINLARI (\u201c\u015eirket\u201d) olarak ki\u015fisel veri i\u015fleme&hellip;<\/p>\n","protected":false},"author":1,"featured_media":0,"parent":0,"menu_order":0,"comment_status":"closed","ping_status":"closed","template":"","meta":{"footnotes":""},"class_list":["post-1124","page","type-page","status-publish","hentry"],"_links":{"self":[{"href":"https:\/\/www.famyayinlari.com\/kitap\/wp-json\/wp\/v2\/pages\/1124","targetHints":{"allow":["GET"]}}],"collection":[{"href":"https:\/\/www.famyayinlari.com\/kitap\/wp-json\/wp\/v2\/pages"}],"about":[{"href":"https:\/\/www.famyayinlari.com\/kitap\/wp-json\/wp\/v2\/types\/page"}],"author":[{"embeddable":true,"href":"https:\/\/www.famyayinlari.com\/kitap\/wp-json\/wp\/v2\/users\/1"}],"replies":[{"embeddable":true,"href":"https:\/\/www.famyayinlari.com\/kitap\/wp-json\/wp\/v2\/comments?post=1124"}],"version-history":[{"count":1,"href":"https:\/\/www.famyayinlari.com\/kitap\/wp-json\/wp\/v2\/pages\/1124\/revisions"}],"predecessor-version":[{"id":1125,"href":"https:\/\/www.famyayinlari.com\/kitap\/wp-json\/wp\/v2\/pages\/1124\/revisions\/1125"}],"wp:attachment":[{"href":"https:\/\/www.famyayinlari.com\/kitap\/wp-json\/wp\/v2\/media?parent=1124"}],"curies":[{"name":"wp","href":"https:\/\/api.w.org\/{rel}","templated":true}]}}